{"id":20839,"date":"2023-11-03T14:14:40","date_gmt":"2023-11-03T14:14:40","guid":{"rendered":"https:\/\/lesloges.ca\/prendre-rendez-vous\/"},"modified":"2024-01-15T07:48:43","modified_gmt":"2024-01-15T07:48:43","slug":"book-an-appointment","status":"publish","type":"page","link":"https:\/\/staging.lesloges.ca\/en\/book-an-appointment\/","title":{"rendered":"Book an appointment"},"content":{"rendered":"\t\t<div data-elementor-type=\"wp-page\" data-elementor-id=\"20839\" class=\"elementor elementor-20839 elementor-1244\" data-elementor-post-type=\"page\">\n\t\t\t\t<div class=\"elementor-element elementor-element-e32a79c e-flex e-con-boxed e-con e-parent\" data-id=\"e32a79c\" data-element_type=\"container\" data-e-type=\"container\" data-settings=\"{&quot;background_background&quot;:&quot;classic&quot;}\">\n\t\t\t\t\t<div class=\"e-con-inner\">\n\t\t\t\t<div class=\"elementor-element elementor-element-34f4dbe elementor-invisible elementor-widget elementor-widget-heading\" data-id=\"34f4dbe\" data-element_type=\"widget\" data-e-type=\"widget\" data-settings=\"{&quot;_animation&quot;:&quot;zoomIn&quot;}\" data-widget_type=\"heading.default\">\n\t\t\t\t<div class=\"elementor-widget-container\">\n\t\t\t\t\t<h1 class=\"elementor-heading-title elementor-size-default\">Ready to get started?<\/h1>\t\t\t\t<\/div>\n\t\t\t\t<\/div>\n\t\t\t\t<div class=\"elementor-element elementor-element-fe8fce5 elementor-invisible elementor-widget elementor-widget-image\" data-id=\"fe8fce5\" data-element_type=\"widget\" data-e-type=\"widget\" data-settings=\"{&quot;_animation&quot;:&quot;fadeInUp&quot;}\" data-widget_type=\"image.default\">\n\t\t\t\t<div class=\"elementor-widget-container\">\n\t\t\t\t\t\t\t\t\t\t\t\t\t\t\t<img decoding=\"async\" width=\"100\" height=\"102\" src=\"https:\/\/staging.lesloges.ca\/wp-content\/uploads\/2023\/11\/arrow-down.png\" class=\"attachment-full size-full wp-image-346\" alt=\"\" \/>\t\t\t\t\t\t\t\t\t\t\t\t\t\t\t<\/div>\n\t\t\t\t<\/div>\n\t\t\t\t<div class=\"elementor-element elementor-element-6499435 elementor-invisible elementor-widget elementor-widget-text-editor\" data-id=\"6499435\" data-element_type=\"widget\" data-e-type=\"widget\" data-settings=\"{&quot;_animation&quot;:&quot;fadeInUp&quot;}\" data-widget_type=\"text-editor.default\">\n\t\t\t\t<div class=\"elementor-widget-container\">\n\t\t\t\t\t\t\t\t\tMake Les Loges your next destination and visit our model units today!\t\t\t\t\t\t\t\t<\/div>\n\t\t\t\t<\/div>\n\t\t\t\t\t<\/div>\n\t\t\t\t<\/div>\n\t\t<div class=\"elementor-element elementor-element-b51dea0 e-con-full e-flex e-con e-parent\" data-id=\"b51dea0\" data-element_type=\"container\" data-e-type=\"container\">\n\t\t\t\t<div class=\"elementor-element elementor-element-7536649 elementor-invisible elementor-widget elementor-widget-image\" data-id=\"7536649\" data-element_type=\"widget\" data-e-type=\"widget\" data-settings=\"{&quot;_animation&quot;:&quot;fadeInUp&quot;}\" data-widget_type=\"image.default\">\n\t\t\t\t<div class=\"elementor-widget-container\">\n\t\t\t\t\t\t\t\t\t\t\t\t\t\t\t<img decoding=\"async\" width=\"100\" height=\"102\" src=\"https:\/\/staging.lesloges.ca\/wp-content\/uploads\/2023\/11\/arrow-down.png\" class=\"attachment-full size-full wp-image-346\" alt=\"\" \/>\t\t\t\t\t\t\t\t\t\t\t\t\t\t\t<\/div>\n\t\t\t\t<\/div>\n\t\t\t\t<div class=\"elementor-element elementor-element-0566b46 elementor-invisible elementor-widget elementor-widget-heading\" data-id=\"0566b46\" data-element_type=\"widget\" data-e-type=\"widget\" data-settings=\"{&quot;_animation&quot;:&quot;fadeInUp&quot;}\" data-widget_type=\"heading.default\">\n\t\t\t\t<div class=\"elementor-widget-container\">\n\t\t\t\t\t<h2 class=\"elementor-heading-title elementor-size-default\">SALES OFFICE<\/h2>\t\t\t\t<\/div>\n\t\t\t\t<\/div>\n\t\t\t\t<div class=\"elementor-element elementor-element-66e2ccc elementor-widget elementor-widget-video\" data-id=\"66e2ccc\" data-element_type=\"widget\" data-e-type=\"widget\" data-settings=\"{&quot;video_type&quot;:&quot;hosted&quot;,&quot;controls&quot;:&quot;yes&quot;}\" data-widget_type=\"video.default\">\n\t\t\t\t<div class=\"elementor-widget-container\">\n\t\t\t\t\t\t\t<div class=\"e-hosted-video elementor-wrapper elementor-open-inline\">\n\t\t\t\t\t<video class=\"elementor-video\" src=\"https:\/\/staging.lesloges.ca\/wp-content\/uploads\/2023\/11\/BestOf_TemoignagesLesLoges_v3.mp4\" controls=\"\" preload=\"metadata\" controlsList=\"nodownload\"><\/video>\n\t\t\t\t<\/div>\n\t\t\t\t\t\t<\/div>\n\t\t\t\t<\/div>\n\t\t\t\t<\/div>\n\t\t<div class=\"elementor-element elementor-element-c960fd8 e-flex e-con-boxed e-con e-parent\" data-id=\"c960fd8\" data-element_type=\"container\" data-e-type=\"container\" id=\"calendar\" data-settings=\"{&quot;background_background&quot;:&quot;classic&quot;}\">\n\t\t\t\t\t<div class=\"e-con-inner\">\n\t\t\t\t<div class=\"elementor-element elementor-element-966ffcd elementor-invisible elementor-widget elementor-widget-image\" data-id=\"966ffcd\" data-element_type=\"widget\" data-e-type=\"widget\" data-settings=\"{&quot;_animation&quot;:&quot;fadeInUp&quot;}\" data-widget_type=\"image.default\">\n\t\t\t\t<div class=\"elementor-widget-container\">\n\t\t\t\t\t\t\t\t\t\t\t\t\t\t\t<img decoding=\"async\" width=\"100\" height=\"102\" src=\"https:\/\/staging.lesloges.ca\/wp-content\/uploads\/2023\/11\/arrow-down.png\" class=\"attachment-full size-full wp-image-346\" alt=\"\" \/>\t\t\t\t\t\t\t\t\t\t\t\t\t\t\t<\/div>\n\t\t\t\t<\/div>\n\t\t\t\t<div class=\"elementor-element elementor-element-6ecf1e6 elementor-invisible elementor-widget elementor-widget-heading\" data-id=\"6ecf1e6\" data-element_type=\"widget\" data-e-type=\"widget\" data-settings=\"{&quot;_animation&quot;:&quot;fadeInUp&quot;}\" data-widget_type=\"heading.default\">\n\t\t\t\t<div class=\"elementor-widget-container\">\n\t\t\t\t\t<h3 class=\"elementor-heading-title elementor-size-default\">BOOK AN APPOINTMENT<\/h3>\t\t\t\t<\/div>\n\t\t\t\t<\/div>\n\t\t\t\t<div class=\"elementor-element elementor-element-7c0abb0 elementor-invisible elementor-widget elementor-widget-text-editor\" data-id=\"7c0abb0\" data-element_type=\"widget\" data-e-type=\"widget\" data-settings=\"{&quot;_animation&quot;:&quot;fadeInUp&quot;}\" data-widget_type=\"text-editor.default\">\n\t\t\t\t<div class=\"elementor-widget-container\">\n\t\t\t\t\t\t\t\t\t<p>Take advantage of our exclusive prices today!<\/p>\n\t\t\t\t\t\t\t\t<\/div>\n\t\t\t\t<\/div>\n\t\t\t\t\t<\/div>\n\t\t\t\t<\/div>\n\t\t<div class=\"elementor-element elementor-element-0d8a100 e-con-full e-flex e-con e-parent\" data-id=\"0d8a100\" data-element_type=\"container\" data-e-type=\"container\">\n\t\t<div class=\"elementor-element elementor-element-cf956fe e-con-full e-flex e-con e-child\" data-id=\"cf956fe\" data-element_type=\"container\" data-e-type=\"container\">\n\t\t\t\t<div class=\"elementor-element elementor-element-fb82ab5 elementor-invisible elementor-widget elementor-widget-image\" data-id=\"fb82ab5\" data-element_type=\"widget\" data-e-type=\"widget\" data-settings=\"{&quot;_animation&quot;:&quot;fadeInUp&quot;}\" data-widget_type=\"image.default\">\n\t\t\t\t<div class=\"elementor-widget-container\">\n\t\t\t\t\t\t\t\t\t\t\t\t\t\t\t<img decoding=\"async\" width=\"100\" height=\"102\" src=\"https:\/\/staging.lesloges.ca\/wp-content\/uploads\/2023\/11\/arrow-down.png\" class=\"attachment-full size-full wp-image-346\" alt=\"\" \/>\t\t\t\t\t\t\t\t\t\t\t\t\t\t\t<\/div>\n\t\t\t\t<\/div>\n\t\t\t\t<div class=\"elementor-element elementor-element-22d6822 elementor-invisible elementor-widget elementor-widget-heading\" data-id=\"22d6822\" data-element_type=\"widget\" data-e-type=\"widget\" data-settings=\"{&quot;_animation&quot;:&quot;fadeInUp&quot;}\" data-widget_type=\"heading.default\">\n\t\t\t\t<div class=\"elementor-widget-container\">\n\t\t\t\t\t<h2 class=\"elementor-heading-title elementor-size-default\">CONTACT US<\/h2>\t\t\t\t<\/div>\n\t\t\t\t<\/div>\n\t\t\t\t<div class=\"elementor-element elementor-element-220445f elementor-invisible elementor-widget elementor-widget-text-editor\" data-id=\"220445f\" data-element_type=\"widget\" data-e-type=\"widget\" data-settings=\"{&quot;_animation&quot;:&quot;fadeInUp&quot;}\" data-widget_type=\"text-editor.default\">\n\t\t\t\t<div class=\"elementor-widget-container\">\n\t\t\t\t\t\t\t\t\t<p><span style=\"font-weight: 400;\">To ensure the health and safety of all, and to manage the flow of visitors, we have set up specific time slots to welcome you and facilitate your visit at our sales office.<\/span><\/p>\n\t\t\t\t\t\t\t\t<\/div>\n\t\t\t\t<\/div>\n\t\t\t\t<div class=\"elementor-element elementor-element-72ade55 elementor-position-inline-start sclink elementor-view-default elementor-mobile-position-block-start elementor-invisible elementor-widget elementor-widget-icon-box\" data-id=\"72ade55\" data-element_type=\"widget\" data-e-type=\"widget\" data-settings=\"{&quot;_animation&quot;:&quot;fadeInUp&quot;}\" data-widget_type=\"icon-box.default\">\n\t\t\t\t<div class=\"elementor-widget-container\">\n\t\t\t\t\t\t\t<div class=\"elementor-icon-box-wrapper\">\n\n\t\t\t\t\t\t<div class=\"elementor-icon-box-icon\">\n\t\t\t\t<span  class=\"elementor-icon\">\n\t\t\t\t<svg aria-hidden=\"true\" class=\"e-font-icon-svg e-fas-map-pin\" viewBox=\"0 0 288 512\" xmlns=\"http:\/\/www.w3.org\/2000\/svg\"><path d=\"M112 316.94v156.69l22.02 33.02c4.75 7.12 15.22 7.12 19.97 0L176 473.63V316.94c-10.39 1.92-21.06 3.06-32 3.06s-21.61-1.14-32-3.06zM144 0C64.47 0 0 64.47 0 144s64.47 144 144 144 144-64.47 144-144S223.53 0 144 0zm0 76c-37.5 0-68 30.5-68 68 0 6.62-5.38 12-12 12s-12-5.38-12-12c0-50.73 41.28-92 92-92 6.62 0 12 5.38 12 12s-5.38 12-12 12z\"><\/path><\/svg>\t\t\t\t<\/span>\n\t\t\t<\/div>\n\t\t\t\n\t\t\t\t\t\t<div class=\"elementor-icon-box-content\">\n\n\t\t\t\t\t\t\t\t\t<h4 class=\"elementor-icon-box-title\">\n\t\t\t\t\t\t<span  >\n\t\t\t\t\t\t\t SALES OFFICE\t\t\t\t\t\t<\/span>\n\t\t\t\t\t<\/h4>\n\t\t\t\t\n\t\t\t\t\t\t\t\t\t<p class=\"elementor-icon-box-description\">\n\t\t\t\t\t\t5201, Rue de Marseille,\r\nMontr\u00e9al, QC\r\nH1N 0E4<br>\r\n<a href=\"tel:+15144752228\">514 475 2228<\/a>\t\t\t\t\t<\/p>\n\t\t\t\t\n\t\t\t<\/div>\n\t\t\t\n\t\t<\/div>\n\t\t\t\t\t\t<\/div>\n\t\t\t\t<\/div>\n\t\t\t\t<div class=\"elementor-element elementor-element-d024190 elementor-position-inline-start elementor-view-default elementor-mobile-position-block-start elementor-invisible elementor-widget elementor-widget-icon-box\" data-id=\"d024190\" data-element_type=\"widget\" data-e-type=\"widget\" data-settings=\"{&quot;_animation&quot;:&quot;fadeInUp&quot;}\" data-widget_type=\"icon-box.default\">\n\t\t\t\t<div class=\"elementor-widget-container\">\n\t\t\t\t\t\t\t<div class=\"elementor-icon-box-wrapper\">\n\n\t\t\t\t\t\t<div class=\"elementor-icon-box-icon\">\n\t\t\t\t<span  class=\"elementor-icon\">\n\t\t\t\t<svg aria-hidden=\"true\" class=\"e-font-icon-svg e-fas-map-pin\" viewBox=\"0 0 288 512\" xmlns=\"http:\/\/www.w3.org\/2000\/svg\"><path d=\"M112 316.94v156.69l22.02 33.02c4.75 7.12 15.22 7.12 19.97 0L176 473.63V316.94c-10.39 1.92-21.06 3.06-32 3.06s-21.61-1.14-32-3.06zM144 0C64.47 0 0 64.47 0 144s64.47 144 144 144 144-64.47 144-144S223.53 0 144 0zm0 76c-37.5 0-68 30.5-68 68 0 6.62-5.38 12-12 12s-12-5.38-12-12c0-50.73 41.28-92 92-92 6.62 0 12 5.38 12 12s-5.38 12-12 12z\"><\/path><\/svg>\t\t\t\t<\/span>\n\t\t\t<\/div>\n\t\t\t\n\t\t\t\t\t\t<div class=\"elementor-icon-box-content\">\n\n\t\t\t\t\t\t\t\t\t<h4 class=\"elementor-icon-box-title\">\n\t\t\t\t\t\t<span  >\n\t\t\t\t\t\t\t PROJECT\t\t\t\t\t\t<\/span>\n\t\t\t\t\t<\/h4>\n\t\t\t\t\n\t\t\t\t\t\t\t\t\t<p class=\"elementor-icon-box-description\">\n\t\t\t\t\t\t3045-3055, boulevard de l'Assomption,\r\nMontreal, QC\r\nH1N 2H1\t\t\t\t\t<\/p>\n\t\t\t\t\n\t\t\t<\/div>\n\t\t\t\n\t\t<\/div>\n\t\t\t\t\t\t<\/div>\n\t\t\t\t<\/div>\n\t\t\t\t<div class=\"elementor-element elementor-element-7811e72 elementor-position-inline-start elementor-view-default elementor-mobile-position-block-start elementor-invisible elementor-widget elementor-widget-icon-box\" data-id=\"7811e72\" data-element_type=\"widget\" data-e-type=\"widget\" data-settings=\"{&quot;_animation&quot;:&quot;fadeInUp&quot;}\" data-widget_type=\"icon-box.default\">\n\t\t\t\t<div class=\"elementor-widget-container\">\n\t\t\t\t\t\t\t<div class=\"elementor-icon-box-wrapper\">\n\n\t\t\t\t\t\t<div class=\"elementor-icon-box-icon\">\n\t\t\t\t<span  class=\"elementor-icon\">\n\t\t\t\t<svg aria-hidden=\"true\" class=\"e-font-icon-svg e-far-calendar-alt\" viewBox=\"0 0 448 512\" xmlns=\"http:\/\/www.w3.org\/2000\/svg\"><path d=\"M148 288h-40c-6.6 0-12-5.4-12-12v-40c0-6.6 5.4-12 12-12h40c6.6 0 12 5.4 12 12v40c0 6.6-5.4 12-12 12zm108-12v-40c0-6.6-5.4-12-12-12h-40c-6.6 0-12 5.4-12 12v40c0 6.6 5.4 12 12 12h40c6.6 0 12-5.4 12-12zm96 0v-40c0-6.6-5.4-12-12-12h-40c-6.6 0-12 5.4-12 12v40c0 6.6 5.4 12 12 12h40c6.6 0 12-5.4 12-12zm-96 96v-40c0-6.6-5.4-12-12-12h-40c-6.6 0-12 5.4-12 12v40c0 6.6 5.4 12 12 12h40c6.6 0 12-5.4 12-12zm-96 0v-40c0-6.6-5.4-12-12-12h-40c-6.6 0-12 5.4-12 12v40c0 6.6 5.4 12 12 12h40c6.6 0 12-5.4 12-12zm192 0v-40c0-6.6-5.4-12-12-12h-40c-6.6 0-12 5.4-12 12v40c0 6.6 5.4 12 12 12h40c6.6 0 12-5.4 12-12zm96-260v352c0 26.5-21.5 48-48 48H48c-26.5 0-48-21.5-48-48V112c0-26.5 21.5-48 48-48h48V12c0-6.6 5.4-12 12-12h40c6.6 0 12 5.4 12 12v52h128V12c0-6.6 5.4-12 12-12h40c6.6 0 12 5.4 12 12v52h48c26.5 0 48 21.5 48 48zm-48 346V160H48v298c0 3.3 2.7 6 6 6h340c3.3 0 6-2.7 6-6z\"><\/path><\/svg>\t\t\t\t<\/span>\n\t\t\t<\/div>\n\t\t\t\n\t\t\t\t\t\t<div class=\"elementor-icon-box-content\">\n\n\t\t\t\t\t\t\t\t\t<h4 class=\"elementor-icon-box-title\">\n\t\t\t\t\t\t<span  >\n\t\t\t\t\t\t\t OPENING HOURS\t\t\t\t\t\t<\/span>\n\t\t\t\t\t<\/h4>\n\t\t\t\t\n\t\t\t\t\t\t\t\t\t<p class=\"elementor-icon-box-description\">\n\t\t\t\t\t\tTuesday to Thursday: 2 p.m. to 7 p.m.<br>\r\nSaturday and Sunday: 1 p.m. to 5 p.m.<br>\r\n\t\t\t\t\t<\/p>\n\t\t\t\t\n\t\t\t<\/div>\n\t\t\t\n\t\t<\/div>\n\t\t\t\t\t\t<\/div>\n\t\t\t\t<\/div>\n\t\t\t\t<\/div>\n\t\t<div class=\"elementor-element elementor-element-60ae2c4 e-con-full e-flex e-con e-child\" data-id=\"60ae2c4\" data-element_type=\"container\" data-e-type=\"container\">\n\t\t\t\t<div class=\"elementor-element elementor-element-3373e8c elementor-widget elementor-widget-image-carousel\" data-id=\"3373e8c\" data-element_type=\"widget\" data-e-type=\"widget\" data-settings=\"{&quot;slides_to_show&quot;:&quot;1&quot;,&quot;navigation&quot;:&quot;none&quot;,&quot;autoplay_speed&quot;:2000,&quot;effect&quot;:&quot;fade&quot;,&quot;autoplay&quot;:&quot;yes&quot;,&quot;pause_on_hover&quot;:&quot;yes&quot;,&quot;pause_on_interaction&quot;:&quot;yes&quot;,&quot;infinite&quot;:&quot;yes&quot;,&quot;speed&quot;:500}\" data-widget_type=\"image-carousel.default\">\n\t\t\t\t<div class=\"elementor-widget-container\">\n\t\t\t\t\t\t\t<div class=\"elementor-image-carousel-wrapper swiper\" role=\"region\" aria-roledescription=\"carousel\" aria-label=\"Image Carousel\" dir=\"ltr\">\n\t\t\t<div class=\"elementor-image-carousel swiper-wrapper swiper-image-stretch\" aria-live=\"off\">\n\t\t\t\t\t\t\t\t<div class=\"swiper-slide\" role=\"group\" aria-roledescription=\"slide\" aria-label=\"1 of 3\"><figure class=\"swiper-slide-inner\"><img decoding=\"async\" class=\"swiper-slide-image\" src=\"https:\/\/staging.lesloges.ca\/wp-content\/uploads\/2023\/11\/bureau-des-ventes-modele-les-loges-3-1-1024x683.jpeg\" alt=\"bureau-des-ventes-modele-les-loges-3-1.jpeg\" \/><\/figure><\/div><div class=\"swiper-slide\" role=\"group\" aria-roledescription=\"slide\" aria-label=\"2 of 3\"><figure class=\"swiper-slide-inner\"><img decoding=\"async\" class=\"swiper-slide-image\" src=\"https:\/\/staging.lesloges.ca\/wp-content\/uploads\/2023\/11\/B01_VENTES_AB_9523-M-1024x683.jpg\" alt=\"B01_VENTES_AB_9523-M.jpg\" \/><\/figure><\/div><div class=\"swiper-slide\" role=\"group\" aria-roledescription=\"slide\" aria-label=\"3 of 3\"><figure class=\"swiper-slide-inner\"><img decoding=\"async\" class=\"swiper-slide-image\" src=\"https:\/\/staging.lesloges.ca\/wp-content\/uploads\/2023\/11\/B06_VENTES_AB_9552-M-1-scaled-e1642790567283-1024x683.jpg\" alt=\"B06_VENTES_AB_9552-M-1-scaled-e1642790567283.jpg\" \/><\/figure><\/div>\t\t\t<\/div>\n\t\t\t\t\t\t\t\n\t\t\t\t\t\t\t\t\t<\/div>\n\t\t\t\t\t\t<\/div>\n\t\t\t\t<\/div>\n\t\t\t\t<\/div>\n\t\t\t\t<\/div>\n\t\t\t\t<\/div>\n\t\t","protected":false},"excerpt":{"rendered":"<p>Ready to get started? Make Les Loges your next destination and visit our model units today! SALES OFFICE https:\/\/staging.lesloges.ca\/wp-content\/uploads\/2023\/11\/BestOf_TemoignagesLesLoges_v3.mp4 BOOK AN APPOINTMENT Take advantage of our exclusive prices today! MEETING AT OUR SALES OFFICE VIRTUAL APPOINTMENT CONTACT US To ensure the health and safety of all, and to manage the flow of visitors, we have [&hellip;]<\/p>\n","protected":false},"author":4,"featured_media":0,"parent":0,"menu_order":0,"comment_status":"closed","ping_status":"closed","template":"","meta":{"inline_featured_image":false,"footnotes":""},"class_list":["post-20839","page","type-page","status-publish","hentry"],"yoast_head":"<!-- This site is optimized with the Yoast SEO plugin v27.4 - https:\/\/yoast.com\/product\/yoast-seo-wordpress\/ -->\n<title>Prendre rendez-vous | Visiter le Pavillon des Ventes | Les Loges<\/title>\n<meta name=\"description\" content=\"Int\u00e9ress\u00e9 par nos condos \u00e0 vendre? R\u00e9servez une visite des Loges d\u00e8s aujourd\u2019hui. Pavillon des ventes: 5201 Rue de Marseille, Montr\u00e9al - 514 475-2228\" \/>\n<meta name=\"robots\" content=\"noindex, follow, max-snippet:-1, max-image-preview:large, max-video-preview:-1\" \/>\n<meta property=\"og:locale\" content=\"en_US\" \/>\n<meta property=\"og:type\" content=\"article\" \/>\n<meta property=\"og:title\" content=\"Prendre rendez-vous | Visiter le Pavillon des Ventes | Les Loges\" \/>\n<meta property=\"og:description\" content=\"Int\u00e9ress\u00e9 par nos condos \u00e0 vendre? R\u00e9servez une visite des Loges d\u00e8s aujourd\u2019hui. Pavillon des ventes: 5201 Rue de Marseille, Montr\u00e9al - 514 475-2228\" \/>\n<meta property=\"og:url\" content=\"https:\/\/staging.lesloges.ca\/en\/book-an-appointment\/\" \/>\n<meta property=\"og:site_name\" content=\"Staging - Les Loges\" \/>\n<meta property=\"article:modified_time\" content=\"2024-01-15T07:48:43+00:00\" \/>\n<meta property=\"og:image\" content=\"https:\/\/staging.lesloges.ca\/wp-content\/uploads\/2023\/11\/arrow-down.png\" \/>\n<meta name=\"twitter:card\" content=\"summary_large_image\" \/>\n<meta name=\"twitter:label1\" content=\"Est. reading time\" \/>\n\t<meta name=\"twitter:data1\" content=\"3 minutes\" \/>\n<script type=\"application\/ld+json\" class=\"yoast-schema-graph\">{\"@context\":\"https:\\\/\\\/schema.org\",\"@graph\":[{\"@type\":\"WebPage\",\"@id\":\"https:\\\/\\\/staging.lesloges.ca\\\/en\\\/book-an-appointment\\\/\",\"url\":\"https:\\\/\\\/staging.lesloges.ca\\\/en\\\/book-an-appointment\\\/\",\"name\":\"Prendre rendez-vous | Visiter le Pavillon des Ventes | Les Loges\",\"isPartOf\":{\"@id\":\"https:\\\/\\\/staging.lesloges.ca\\\/en\\\/#website\"},\"primaryImageOfPage\":{\"@id\":\"https:\\\/\\\/staging.lesloges.ca\\\/en\\\/book-an-appointment\\\/#primaryimage\"},\"image\":{\"@id\":\"https:\\\/\\\/staging.lesloges.ca\\\/en\\\/book-an-appointment\\\/#primaryimage\"},\"thumbnailUrl\":\"https:\\\/\\\/staging.lesloges.ca\\\/wp-content\\\/uploads\\\/2023\\\/11\\\/arrow-down.png\",\"datePublished\":\"2023-11-03T14:14:40+00:00\",\"dateModified\":\"2024-01-15T07:48:43+00:00\",\"description\":\"Int\u00e9ress\u00e9 par nos condos \u00e0 vendre? R\u00e9servez une visite des Loges d\u00e8s aujourd\u2019hui. Pavillon des ventes: 5201 Rue de Marseille, Montr\u00e9al - 514 475-2228\",\"breadcrumb\":{\"@id\":\"https:\\\/\\\/staging.lesloges.ca\\\/en\\\/book-an-appointment\\\/#breadcrumb\"},\"inLanguage\":\"en-US\",\"potentialAction\":[{\"@type\":\"ReadAction\",\"target\":[\"https:\\\/\\\/staging.lesloges.ca\\\/en\\\/book-an-appointment\\\/\"]}]},{\"@type\":\"ImageObject\",\"inLanguage\":\"en-US\",\"@id\":\"https:\\\/\\\/staging.lesloges.ca\\\/en\\\/book-an-appointment\\\/#primaryimage\",\"url\":\"https:\\\/\\\/staging.lesloges.ca\\\/wp-content\\\/uploads\\\/2023\\\/11\\\/arrow-down.png\",\"contentUrl\":\"https:\\\/\\\/staging.lesloges.ca\\\/wp-content\\\/uploads\\\/2023\\\/11\\\/arrow-down.png\"},{\"@type\":\"BreadcrumbList\",\"@id\":\"https:\\\/\\\/staging.lesloges.ca\\\/en\\\/book-an-appointment\\\/#breadcrumb\",\"itemListElement\":[{\"@type\":\"ListItem\",\"position\":1,\"name\":\"Home\",\"item\":\"https:\\\/\\\/staging.lesloges.ca\\\/en\\\/\"},{\"@type\":\"ListItem\",\"position\":2,\"name\":\"Book an appointment\"}]},{\"@type\":\"WebSite\",\"@id\":\"https:\\\/\\\/staging.lesloges.ca\\\/en\\\/#website\",\"url\":\"https:\\\/\\\/staging.lesloges.ca\\\/en\\\/\",\"name\":\"Staging - Les Loges\",\"description\":\"\",\"publisher\":{\"@id\":\"https:\\\/\\\/staging.lesloges.ca\\\/en\\\/#organization\"},\"potentialAction\":[{\"@type\":\"SearchAction\",\"target\":{\"@type\":\"EntryPoint\",\"urlTemplate\":\"https:\\\/\\\/staging.lesloges.ca\\\/en\\\/?s={search_term_string}\"},\"query-input\":{\"@type\":\"PropertyValueSpecification\",\"valueRequired\":true,\"valueName\":\"search_term_string\"}}],\"inLanguage\":\"en-US\"},{\"@type\":\"Organization\",\"@id\":\"https:\\\/\\\/staging.lesloges.ca\\\/en\\\/#organization\",\"name\":\"Staging - Les Loges\",\"url\":\"https:\\\/\\\/staging.lesloges.ca\\\/en\\\/\",\"logo\":{\"@type\":\"ImageObject\",\"inLanguage\":\"en-US\",\"@id\":\"https:\\\/\\\/staging.lesloges.ca\\\/en\\\/#\\\/schema\\\/logo\\\/image\\\/\",\"url\":\"https:\\\/\\\/staging.lesloges.ca\\\/wp-content\\\/uploads\\\/2023\\\/11\\\/logo-horizontal.svg\",\"contentUrl\":\"https:\\\/\\\/staging.lesloges.ca\\\/wp-content\\\/uploads\\\/2023\\\/11\\\/logo-horizontal.svg\",\"width\":808,\"height\":411,\"caption\":\"Staging - Les Loges\"},\"image\":{\"@id\":\"https:\\\/\\\/staging.lesloges.ca\\\/en\\\/#\\\/schema\\\/logo\\\/image\\\/\"}}]}<\/script>\n<!-- \/ Yoast SEO plugin. -->","yoast_head_json":{"title":"Prendre rendez-vous | Visiter le Pavillon des Ventes | Les Loges","description":"Int\u00e9ress\u00e9 par nos condos \u00e0 vendre? R\u00e9servez une visite des Loges d\u00e8s aujourd\u2019hui. Pavillon des ventes: 5201 Rue de Marseille, Montr\u00e9al - 514 475-2228","robots":{"index":"noindex","follow":"follow","max-snippet":"max-snippet:-1","max-image-preview":"max-image-preview:large","max-video-preview":"max-video-preview:-1"},"og_locale":"en_US","og_type":"article","og_title":"Prendre rendez-vous | Visiter le Pavillon des Ventes | Les Loges","og_description":"Int\u00e9ress\u00e9 par nos condos \u00e0 vendre? R\u00e9servez une visite des Loges d\u00e8s aujourd\u2019hui. Pavillon des ventes: 5201 Rue de Marseille, Montr\u00e9al - 514 475-2228","og_url":"https:\/\/staging.lesloges.ca\/en\/book-an-appointment\/","og_site_name":"Staging - Les Loges","article_modified_time":"2024-01-15T07:48:43+00:00","og_image":[{"url":"https:\/\/staging.lesloges.ca\/wp-content\/uploads\/2023\/11\/arrow-down.png","type":"","width":"","height":""}],"twitter_card":"summary_large_image","twitter_misc":{"Est. reading time":"3 minutes"},"schema":{"@context":"https:\/\/schema.org","@graph":[{"@type":"WebPage","@id":"https:\/\/staging.lesloges.ca\/en\/book-an-appointment\/","url":"https:\/\/staging.lesloges.ca\/en\/book-an-appointment\/","name":"Prendre rendez-vous | Visiter le Pavillon des Ventes | Les Loges","isPartOf":{"@id":"https:\/\/staging.lesloges.ca\/en\/#website"},"primaryImageOfPage":{"@id":"https:\/\/staging.lesloges.ca\/en\/book-an-appointment\/#primaryimage"},"image":{"@id":"https:\/\/staging.lesloges.ca\/en\/book-an-appointment\/#primaryimage"},"thumbnailUrl":"https:\/\/staging.lesloges.ca\/wp-content\/uploads\/2023\/11\/arrow-down.png","datePublished":"2023-11-03T14:14:40+00:00","dateModified":"2024-01-15T07:48:43+00:00","description":"Int\u00e9ress\u00e9 par nos condos \u00e0 vendre? R\u00e9servez une visite des Loges d\u00e8s aujourd\u2019hui. Pavillon des ventes: 5201 Rue de Marseille, Montr\u00e9al - 514 475-2228","breadcrumb":{"@id":"https:\/\/staging.lesloges.ca\/en\/book-an-appointment\/#breadcrumb"},"inLanguage":"en-US","potentialAction":[{"@type":"ReadAction","target":["https:\/\/staging.lesloges.ca\/en\/book-an-appointment\/"]}]},{"@type":"ImageObject","inLanguage":"en-US","@id":"https:\/\/staging.lesloges.ca\/en\/book-an-appointment\/#primaryimage","url":"https:\/\/staging.lesloges.ca\/wp-content\/uploads\/2023\/11\/arrow-down.png","contentUrl":"https:\/\/staging.lesloges.ca\/wp-content\/uploads\/2023\/11\/arrow-down.png"},{"@type":"BreadcrumbList","@id":"https:\/\/staging.lesloges.ca\/en\/book-an-appointment\/#breadcrumb","itemListElement":[{"@type":"ListItem","position":1,"name":"Home","item":"https:\/\/staging.lesloges.ca\/en\/"},{"@type":"ListItem","position":2,"name":"Book an appointment"}]},{"@type":"WebSite","@id":"https:\/\/staging.lesloges.ca\/en\/#website","url":"https:\/\/staging.lesloges.ca\/en\/","name":"Staging - Les Loges","description":"","publisher":{"@id":"https:\/\/staging.lesloges.ca\/en\/#organization"},"potentialAction":[{"@type":"SearchAction","target":{"@type":"EntryPoint","urlTemplate":"https:\/\/staging.lesloges.ca\/en\/?s={search_term_string}"},"query-input":{"@type":"PropertyValueSpecification","valueRequired":true,"valueName":"search_term_string"}}],"inLanguage":"en-US"},{"@type":"Organization","@id":"https:\/\/staging.lesloges.ca\/en\/#organization","name":"Staging - Les Loges","url":"https:\/\/staging.lesloges.ca\/en\/","logo":{"@type":"ImageObject","inLanguage":"en-US","@id":"https:\/\/staging.lesloges.ca\/en\/#\/schema\/logo\/image\/","url":"https:\/\/staging.lesloges.ca\/wp-content\/uploads\/2023\/11\/logo-horizontal.svg","contentUrl":"https:\/\/staging.lesloges.ca\/wp-content\/uploads\/2023\/11\/logo-horizontal.svg","width":808,"height":411,"caption":"Staging - Les Loges"},"image":{"@id":"https:\/\/staging.lesloges.ca\/en\/#\/schema\/logo\/image\/"}}]}},"_links":{"self":[{"href":"https:\/\/staging.lesloges.ca\/en\/wp-json\/wp\/v2\/pages\/20839","targetHints":{"allow":["GET"]}}],"collection":[{"href":"https:\/\/staging.lesloges.ca\/en\/wp-json\/wp\/v2\/pages"}],"about":[{"href":"https:\/\/staging.lesloges.ca\/en\/wp-json\/wp\/v2\/types\/page"}],"author":[{"embeddable":true,"href":"https:\/\/staging.lesloges.ca\/en\/wp-json\/wp\/v2\/users\/4"}],"replies":[{"embeddable":true,"href":"https:\/\/staging.lesloges.ca\/en\/wp-json\/wp\/v2\/comments?post=20839"}],"version-history":[{"count":18,"href":"https:\/\/staging.lesloges.ca\/en\/wp-json\/wp\/v2\/pages\/20839\/revisions"}],"predecessor-version":[{"id":21559,"href":"https:\/\/staging.lesloges.ca\/en\/wp-json\/wp\/v2\/pages\/20839\/revisions\/21559"}],"wp:attachment":[{"href":"https:\/\/staging.lesloges.ca\/en\/wp-json\/wp\/v2\/media?parent=20839"}],"curies":[{"name":"wp","href":"https:\/\/api.w.org\/{rel}","templated":true}]}}