{"id":20859,"date":"2023-11-02T05:44:02","date_gmt":"2023-11-02T09:44:02","guid":{"rendered":"https:\/\/lesloges.ca\/votre-quartier\/"},"modified":"2026-04-16T10:51:57","modified_gmt":"2026-04-16T14:51:57","slug":"neighborhood","status":"publish","type":"page","link":"https:\/\/staging.lesloges.ca\/en\/neighborhood\/","title":{"rendered":"Neighborhood"},"content":{"rendered":"\t\t<div data-elementor-type=\"wp-page\" data-elementor-id=\"20859\" class=\"elementor elementor-20859 elementor-70\" data-elementor-post-type=\"page\">\n\t\t\t\t<div class=\"elementor-element elementor-element-d3175e3 e-flex e-con-boxed e-con e-parent\" data-id=\"d3175e3\" data-element_type=\"container\" data-e-type=\"container\" data-settings=\"{&quot;background_background&quot;:&quot;classic&quot;}\">\n\t\t\t\t\t<div class=\"e-con-inner\">\n\t\t\t\t<div class=\"elementor-element elementor-element-e3058f6 elementor-widget elementor-widget-heading\" data-id=\"e3058f6\" data-element_type=\"widget\" data-e-type=\"widget\" data-widget_type=\"heading.default\">\n\t\t\t\t<div class=\"elementor-widget-container\">\n\t\t\t\t\t<h2 class=\"elementor-heading-title elementor-size-default\">Living in the heart of the Olympic Disctrict of Montreal<\/h2>\t\t\t\t<\/div>\n\t\t\t\t<\/div>\n\t\t\t\t<div class=\"elementor-element elementor-element-184671c elementor-invisible elementor-widget elementor-widget-image\" data-id=\"184671c\" data-element_type=\"widget\" data-e-type=\"widget\" data-settings=\"{&quot;_animation&quot;:&quot;fadeInUp&quot;}\" data-widget_type=\"image.default\">\n\t\t\t\t<div class=\"elementor-widget-container\">\n\t\t\t\t\t\t\t\t\t\t\t\t\t\t\t<img fetchpriority=\"high\" decoding=\"async\" width=\"540\" height=\"540\" src=\"https:\/\/staging.lesloges.ca\/wp-content\/uploads\/2024\/04\/Fleche-blanche_Les-Loges.png\" class=\"attachment-full size-full wp-image-22081\" alt=\"\" srcset=\"https:\/\/staging.lesloges.ca\/wp-content\/uploads\/2024\/04\/Fleche-blanche_Les-Loges.png 540w, https:\/\/staging.lesloges.ca\/wp-content\/uploads\/2024\/04\/Fleche-blanche_Les-Loges-300x300.png 300w, https:\/\/staging.lesloges.ca\/wp-content\/uploads\/2024\/04\/Fleche-blanche_Les-Loges-150x150.png 150w\" sizes=\"(max-width: 540px) 100vw, 540px\" \/>\t\t\t\t\t\t\t\t\t\t\t\t\t\t\t<\/div>\n\t\t\t\t<\/div>\n\t\t\t\t<div class=\"elementor-element elementor-element-e7177ae elementor-invisible elementor-widget elementor-widget-text-editor\" data-id=\"e7177ae\" data-element_type=\"widget\" data-e-type=\"widget\" data-settings=\"{&quot;_animation&quot;:&quot;fadeInUp&quot;}\" data-widget_type=\"text-editor.default\">\n\t\t\t\t<div class=\"elementor-widget-container\">\n\t\t\t\t\t\t\t\t\t<p>A 100% Montreal lifestyle<\/p>\t\t\t\t\t\t\t\t<\/div>\n\t\t\t\t<\/div>\n\t\t\t\t\t<\/div>\n\t\t\t\t<\/div>\n\t\t<div class=\"elementor-element elementor-element-ceff33d e-flex e-con-boxed e-con e-parent\" data-id=\"ceff33d\" data-element_type=\"container\" data-e-type=\"container\">\n\t\t\t\t\t<div class=\"e-con-inner\">\n\t\t\t\t<div class=\"elementor-element elementor-element-49ab3d0 elementor-invisible elementor-widget elementor-widget-image\" data-id=\"49ab3d0\" data-element_type=\"widget\" data-e-type=\"widget\" data-settings=\"{&quot;_animation&quot;:&quot;fadeInUp&quot;}\" data-widget_type=\"image.default\">\n\t\t\t\t<div class=\"elementor-widget-container\">\n\t\t\t\t\t\t\t\t\t\t\t\t\t\t\t<img decoding=\"async\" width=\"540\" height=\"540\" src=\"https:\/\/staging.lesloges.ca\/wp-content\/uploads\/2024\/04\/Logo-bleu_Les-Loges_Fleche.png\" class=\"attachment-full size-full wp-image-22084\" alt=\"\" srcset=\"https:\/\/staging.lesloges.ca\/wp-content\/uploads\/2024\/04\/Logo-bleu_Les-Loges_Fleche.png 540w, https:\/\/staging.lesloges.ca\/wp-content\/uploads\/2024\/04\/Logo-bleu_Les-Loges_Fleche-300x300.png 300w, https:\/\/staging.lesloges.ca\/wp-content\/uploads\/2024\/04\/Logo-bleu_Les-Loges_Fleche-150x150.png 150w\" sizes=\"(max-width: 540px) 100vw, 540px\" \/>\t\t\t\t\t\t\t\t\t\t\t\t\t\t\t<\/div>\n\t\t\t\t<\/div>\n\t\t\t\t<div class=\"elementor-element elementor-element-3b66366 elementor-invisible elementor-widget elementor-widget-heading\" data-id=\"3b66366\" data-element_type=\"widget\" data-e-type=\"widget\" data-settings=\"{&quot;_animation&quot;:&quot;fadeInUp&quot;}\" data-widget_type=\"heading.default\">\n\t\t\t\t<div class=\"elementor-widget-container\">\n\t\t\t\t\t<h3 class=\"elementor-heading-title elementor-size-default\">WHY LES LOGES?<\/h3>\t\t\t\t<\/div>\n\t\t\t\t<\/div>\n\t\t\t\t<div class=\"elementor-element elementor-element-ab73b0e elementor-invisible elementor-widget elementor-widget-text-editor\" data-id=\"ab73b0e\" data-element_type=\"widget\" data-e-type=\"widget\" data-settings=\"{&quot;_animation&quot;:&quot;fadeInUp&quot;}\" data-widget_type=\"text-editor.default\">\n\t\t\t\t<div class=\"elementor-widget-container\">\n\t\t\t\t\t\t\t\t\t<p>Live near the beautiful Maisonneuve Park, one of the largest and most beautiful parks on the island. Enjoy the Botanical Garden, numerous bike paths, walking trails, and various activities offered by the Olympic Park.<\/p>\t\t\t\t\t\t\t\t<\/div>\n\t\t\t\t<\/div>\n\t\t\t\t\t<\/div>\n\t\t\t\t<\/div>\n\t\t<div class=\"elementor-element elementor-element-7e007d6 e-flex e-con-boxed e-con e-parent\" data-id=\"7e007d6\" data-element_type=\"container\" data-e-type=\"container\">\n\t\t\t\t\t<div class=\"e-con-inner\">\n\t\t\t\t<div class=\"elementor-element elementor-element-71c6b42 elementor-widget elementor-widget-spacer\" data-id=\"71c6b42\" data-element_type=\"widget\" data-e-type=\"widget\" data-widget_type=\"spacer.default\">\n\t\t\t\t<div class=\"elementor-widget-container\">\n\t\t\t\t\t\t\t<div class=\"elementor-spacer\">\n\t\t\t<div class=\"elementor-spacer-inner\"><\/div>\n\t\t<\/div>\n\t\t\t\t\t\t<\/div>\n\t\t\t\t<\/div>\n\t\t\t\t\t<\/div>\n\t\t\t\t<\/div>\n\t\t<div class=\"elementor-element elementor-element-3a515177 e-flex e-con-boxed e-con e-parent\" data-id=\"3a515177\" data-element_type=\"container\" data-e-type=\"container\">\n\t\t\t\t\t<div class=\"e-con-inner\">\n\t\t\t\t<div class=\"elementor-element elementor-element-3d295bd6 elementor-widget elementor-widget-image\" data-id=\"3d295bd6\" data-element_type=\"widget\" data-e-type=\"widget\" data-widget_type=\"image.default\">\n\t\t\t\t<div class=\"elementor-widget-container\">\n\t\t\t\t\t\t\t\t\t\t\t\t\t\t\t<img decoding=\"async\" width=\"1920\" height=\"1080\" src=\"https:\/\/staging.lesloges.ca\/wp-content\/uploads\/2025\/04\/Votre-Quartier.png\" class=\"attachment-full size-full wp-image-23535\" alt=\"\" srcset=\"https:\/\/staging.lesloges.ca\/wp-content\/uploads\/2025\/04\/Votre-Quartier.png 1920w, https:\/\/staging.lesloges.ca\/wp-content\/uploads\/2025\/04\/Votre-Quartier-300x169.png 300w, https:\/\/staging.lesloges.ca\/wp-content\/uploads\/2025\/04\/Votre-Quartier-1024x576.png 1024w, https:\/\/staging.lesloges.ca\/wp-content\/uploads\/2025\/04\/Votre-Quartier-768x432.png 768w, https:\/\/staging.lesloges.ca\/wp-content\/uploads\/2025\/04\/Votre-Quartier-1536x864.png 1536w\" sizes=\"(max-width: 1920px) 100vw, 1920px\" \/>\t\t\t\t\t\t\t\t\t\t\t\t\t\t\t<\/div>\n\t\t\t\t<\/div>\n\t\t\t\t\t<\/div>\n\t\t\t\t<\/div>\n\t\t<div class=\"elementor-element elementor-element-46968b41 e-flex e-con-boxed e-con e-parent\" data-id=\"46968b41\" data-element_type=\"container\" data-e-type=\"container\">\n\t\t\t\t\t<div class=\"e-con-inner\">\n\t\t\t\t<div class=\"elementor-element elementor-element-7c9633d0 elementor-widget elementor-widget-html\" data-id=\"7c9633d0\" data-element_type=\"widget\" data-e-type=\"widget\" data-widget_type=\"html.default\">\n\t\t\t\t<div class=\"elementor-widget-container\">\n\t\t\t\t\t<div class=\"livya-module-container-neighborhood\" data-module=\"neighborhood\" data-project=\"les-loges\" data-lang=\"en\"><\/div>\t\t\t\t<\/div>\n\t\t\t\t<\/div>\n\t\t\t\t\t<\/div>\n\t\t\t\t<\/div>\n\t\t\t\t<\/div>\n\t\t","protected":false},"excerpt":{"rendered":"<p>Living in the heart of the Olympic Disctrict of Montreal A 100% Montreal lifestyle WHY LES LOGES? Live near the beautiful Maisonneuve Park, one of the largest and most beautiful parks on the island. Enjoy the Botanical Garden, numerous bike paths, walking trails, and various activities offered by the Olympic Park.<\/p>\n","protected":false},"author":4,"featured_media":0,"parent":0,"menu_order":0,"comment_status":"closed","ping_status":"closed","template":"","meta":{"inline_featured_image":false,"footnotes":""},"class_list":["post-20859","page","type-page","status-publish","hentry"],"yoast_head":"<!-- This site is optimized with the Yoast SEO plugin v27.4 - https:\/\/yoast.com\/product\/yoast-seo-wordpress\/ -->\n<title>Votre quartier | Condo \u00e0 vendre Rosemont\/Hochelaga | Les Loges<\/title>\n<meta name=\"description\" content=\"Condos neufs \u00e0 vendre \u00e0 la jonction du Nouveau-Rosemont et d\u2019Hochelaga-Maisonneuve, pr\u00e8s du m\u00e9tro L&#039;Assomption. Un quartier \u00e0 d\u00e9couvrir!\" \/>\n<meta name=\"robots\" content=\"noindex, follow, max-snippet:-1, max-image-preview:large, max-video-preview:-1\" \/>\n<meta property=\"og:locale\" content=\"en_US\" \/>\n<meta property=\"og:type\" content=\"article\" \/>\n<meta property=\"og:title\" content=\"Votre quartier | Condo \u00e0 vendre Rosemont\/Hochelaga | Les Loges\" \/>\n<meta property=\"og:description\" content=\"Condos neufs \u00e0 vendre \u00e0 la jonction du Nouveau-Rosemont et d\u2019Hochelaga-Maisonneuve, pr\u00e8s du m\u00e9tro L&#039;Assomption. Un quartier \u00e0 d\u00e9couvrir!\" \/>\n<meta property=\"og:url\" content=\"https:\/\/staging.lesloges.ca\/en\/neighborhood\/\" \/>\n<meta property=\"og:site_name\" content=\"Staging - Les Loges\" \/>\n<meta property=\"article:modified_time\" content=\"2026-04-16T14:51:57+00:00\" \/>\n<meta property=\"og:image\" content=\"https:\/\/staging.lesloges.ca\/wp-content\/uploads\/2024\/04\/Fleche-blanche_Les-Loges.png\" \/>\n\t<meta property=\"og:image:width\" content=\"540\" \/>\n\t<meta property=\"og:image:height\" content=\"540\" \/>\n\t<meta property=\"og:image:type\" content=\"image\/png\" \/>\n<meta name=\"twitter:card\" content=\"summary_large_image\" \/>\n<meta name=\"twitter:label1\" content=\"Est. reading time\" \/>\n\t<meta name=\"twitter:data1\" content=\"1 minute\" \/>\n<script type=\"application\/ld+json\" class=\"yoast-schema-graph\">{\"@context\":\"https:\\\/\\\/schema.org\",\"@graph\":[{\"@type\":\"WebPage\",\"@id\":\"https:\\\/\\\/staging.lesloges.ca\\\/en\\\/neighborhood\\\/\",\"url\":\"https:\\\/\\\/staging.lesloges.ca\\\/en\\\/neighborhood\\\/\",\"name\":\"Votre quartier | Condo \u00e0 vendre Rosemont\\\/Hochelaga | Les Loges\",\"isPartOf\":{\"@id\":\"https:\\\/\\\/staging.lesloges.ca\\\/en\\\/#website\"},\"primaryImageOfPage\":{\"@id\":\"https:\\\/\\\/staging.lesloges.ca\\\/en\\\/neighborhood\\\/#primaryimage\"},\"image\":{\"@id\":\"https:\\\/\\\/staging.lesloges.ca\\\/en\\\/neighborhood\\\/#primaryimage\"},\"thumbnailUrl\":\"https:\\\/\\\/staging.lesloges.ca\\\/wp-content\\\/uploads\\\/2024\\\/04\\\/Fleche-blanche_Les-Loges.png\",\"datePublished\":\"2023-11-02T09:44:02+00:00\",\"dateModified\":\"2026-04-16T14:51:57+00:00\",\"description\":\"Condos neufs \u00e0 vendre \u00e0 la jonction du Nouveau-Rosemont et d\u2019Hochelaga-Maisonneuve, pr\u00e8s du m\u00e9tro L'Assomption. Un quartier \u00e0 d\u00e9couvrir!\",\"breadcrumb\":{\"@id\":\"https:\\\/\\\/staging.lesloges.ca\\\/en\\\/neighborhood\\\/#breadcrumb\"},\"inLanguage\":\"en-US\",\"potentialAction\":[{\"@type\":\"ReadAction\",\"target\":[\"https:\\\/\\\/staging.lesloges.ca\\\/en\\\/neighborhood\\\/\"]}]},{\"@type\":\"ImageObject\",\"inLanguage\":\"en-US\",\"@id\":\"https:\\\/\\\/staging.lesloges.ca\\\/en\\\/neighborhood\\\/#primaryimage\",\"url\":\"https:\\\/\\\/staging.lesloges.ca\\\/wp-content\\\/uploads\\\/2024\\\/04\\\/Fleche-blanche_Les-Loges.png\",\"contentUrl\":\"https:\\\/\\\/staging.lesloges.ca\\\/wp-content\\\/uploads\\\/2024\\\/04\\\/Fleche-blanche_Les-Loges.png\"},{\"@type\":\"BreadcrumbList\",\"@id\":\"https:\\\/\\\/staging.lesloges.ca\\\/en\\\/neighborhood\\\/#breadcrumb\",\"itemListElement\":[{\"@type\":\"ListItem\",\"position\":1,\"name\":\"Home\",\"item\":\"https:\\\/\\\/staging.lesloges.ca\\\/en\\\/\"},{\"@type\":\"ListItem\",\"position\":2,\"name\":\"Neighborhood\"}]},{\"@type\":\"WebSite\",\"@id\":\"https:\\\/\\\/staging.lesloges.ca\\\/en\\\/#website\",\"url\":\"https:\\\/\\\/staging.lesloges.ca\\\/en\\\/\",\"name\":\"Staging - Les Loges\",\"description\":\"\",\"publisher\":{\"@id\":\"https:\\\/\\\/staging.lesloges.ca\\\/en\\\/#organization\"},\"potentialAction\":[{\"@type\":\"SearchAction\",\"target\":{\"@type\":\"EntryPoint\",\"urlTemplate\":\"https:\\\/\\\/staging.lesloges.ca\\\/en\\\/?s={search_term_string}\"},\"query-input\":{\"@type\":\"PropertyValueSpecification\",\"valueRequired\":true,\"valueName\":\"search_term_string\"}}],\"inLanguage\":\"en-US\"},{\"@type\":\"Organization\",\"@id\":\"https:\\\/\\\/staging.lesloges.ca\\\/en\\\/#organization\",\"name\":\"Staging - Les Loges\",\"url\":\"https:\\\/\\\/staging.lesloges.ca\\\/en\\\/\",\"logo\":{\"@type\":\"ImageObject\",\"inLanguage\":\"en-US\",\"@id\":\"https:\\\/\\\/staging.lesloges.ca\\\/en\\\/#\\\/schema\\\/logo\\\/image\\\/\",\"url\":\"https:\\\/\\\/staging.lesloges.ca\\\/wp-content\\\/uploads\\\/2023\\\/11\\\/logo-horizontal.svg\",\"contentUrl\":\"https:\\\/\\\/staging.lesloges.ca\\\/wp-content\\\/uploads\\\/2023\\\/11\\\/logo-horizontal.svg\",\"width\":808,\"height\":411,\"caption\":\"Staging - Les Loges\"},\"image\":{\"@id\":\"https:\\\/\\\/staging.lesloges.ca\\\/en\\\/#\\\/schema\\\/logo\\\/image\\\/\"}}]}<\/script>\n<!-- \/ Yoast SEO plugin. -->","yoast_head_json":{"title":"Votre quartier | Condo \u00e0 vendre Rosemont\/Hochelaga | Les Loges","description":"Condos neufs \u00e0 vendre \u00e0 la jonction du Nouveau-Rosemont et d\u2019Hochelaga-Maisonneuve, pr\u00e8s du m\u00e9tro L'Assomption. Un quartier \u00e0 d\u00e9couvrir!","robots":{"index":"noindex","follow":"follow","max-snippet":"max-snippet:-1","max-image-preview":"max-image-preview:large","max-video-preview":"max-video-preview:-1"},"og_locale":"en_US","og_type":"article","og_title":"Votre quartier | Condo \u00e0 vendre Rosemont\/Hochelaga | Les Loges","og_description":"Condos neufs \u00e0 vendre \u00e0 la jonction du Nouveau-Rosemont et d\u2019Hochelaga-Maisonneuve, pr\u00e8s du m\u00e9tro L'Assomption. Un quartier \u00e0 d\u00e9couvrir!","og_url":"https:\/\/staging.lesloges.ca\/en\/neighborhood\/","og_site_name":"Staging - Les Loges","article_modified_time":"2026-04-16T14:51:57+00:00","og_image":[{"width":540,"height":540,"url":"https:\/\/staging.lesloges.ca\/wp-content\/uploads\/2024\/04\/Fleche-blanche_Les-Loges.png","type":"image\/png"}],"twitter_card":"summary_large_image","twitter_misc":{"Est. reading time":"1 minute"},"schema":{"@context":"https:\/\/schema.org","@graph":[{"@type":"WebPage","@id":"https:\/\/staging.lesloges.ca\/en\/neighborhood\/","url":"https:\/\/staging.lesloges.ca\/en\/neighborhood\/","name":"Votre quartier | Condo \u00e0 vendre Rosemont\/Hochelaga | Les Loges","isPartOf":{"@id":"https:\/\/staging.lesloges.ca\/en\/#website"},"primaryImageOfPage":{"@id":"https:\/\/staging.lesloges.ca\/en\/neighborhood\/#primaryimage"},"image":{"@id":"https:\/\/staging.lesloges.ca\/en\/neighborhood\/#primaryimage"},"thumbnailUrl":"https:\/\/staging.lesloges.ca\/wp-content\/uploads\/2024\/04\/Fleche-blanche_Les-Loges.png","datePublished":"2023-11-02T09:44:02+00:00","dateModified":"2026-04-16T14:51:57+00:00","description":"Condos neufs \u00e0 vendre \u00e0 la jonction du Nouveau-Rosemont et d\u2019Hochelaga-Maisonneuve, pr\u00e8s du m\u00e9tro L'Assomption. Un quartier \u00e0 d\u00e9couvrir!","breadcrumb":{"@id":"https:\/\/staging.lesloges.ca\/en\/neighborhood\/#breadcrumb"},"inLanguage":"en-US","potentialAction":[{"@type":"ReadAction","target":["https:\/\/staging.lesloges.ca\/en\/neighborhood\/"]}]},{"@type":"ImageObject","inLanguage":"en-US","@id":"https:\/\/staging.lesloges.ca\/en\/neighborhood\/#primaryimage","url":"https:\/\/staging.lesloges.ca\/wp-content\/uploads\/2024\/04\/Fleche-blanche_Les-Loges.png","contentUrl":"https:\/\/staging.lesloges.ca\/wp-content\/uploads\/2024\/04\/Fleche-blanche_Les-Loges.png"},{"@type":"BreadcrumbList","@id":"https:\/\/staging.lesloges.ca\/en\/neighborhood\/#breadcrumb","itemListElement":[{"@type":"ListItem","position":1,"name":"Home","item":"https:\/\/staging.lesloges.ca\/en\/"},{"@type":"ListItem","position":2,"name":"Neighborhood"}]},{"@type":"WebSite","@id":"https:\/\/staging.lesloges.ca\/en\/#website","url":"https:\/\/staging.lesloges.ca\/en\/","name":"Staging - Les Loges","description":"","publisher":{"@id":"https:\/\/staging.lesloges.ca\/en\/#organization"},"potentialAction":[{"@type":"SearchAction","target":{"@type":"EntryPoint","urlTemplate":"https:\/\/staging.lesloges.ca\/en\/?s={search_term_string}"},"query-input":{"@type":"PropertyValueSpecification","valueRequired":true,"valueName":"search_term_string"}}],"inLanguage":"en-US"},{"@type":"Organization","@id":"https:\/\/staging.lesloges.ca\/en\/#organization","name":"Staging - Les Loges","url":"https:\/\/staging.lesloges.ca\/en\/","logo":{"@type":"ImageObject","inLanguage":"en-US","@id":"https:\/\/staging.lesloges.ca\/en\/#\/schema\/logo\/image\/","url":"https:\/\/staging.lesloges.ca\/wp-content\/uploads\/2023\/11\/logo-horizontal.svg","contentUrl":"https:\/\/staging.lesloges.ca\/wp-content\/uploads\/2023\/11\/logo-horizontal.svg","width":808,"height":411,"caption":"Staging - Les Loges"},"image":{"@id":"https:\/\/staging.lesloges.ca\/en\/#\/schema\/logo\/image\/"}}]}},"_links":{"self":[{"href":"https:\/\/staging.lesloges.ca\/en\/wp-json\/wp\/v2\/pages\/20859","targetHints":{"allow":["GET"]}}],"collection":[{"href":"https:\/\/staging.lesloges.ca\/en\/wp-json\/wp\/v2\/pages"}],"about":[{"href":"https:\/\/staging.lesloges.ca\/en\/wp-json\/wp\/v2\/types\/page"}],"author":[{"embeddable":true,"href":"https:\/\/staging.lesloges.ca\/en\/wp-json\/wp\/v2\/users\/4"}],"replies":[{"embeddable":true,"href":"https:\/\/staging.lesloges.ca\/en\/wp-json\/wp\/v2\/comments?post=20859"}],"version-history":[{"count":38,"href":"https:\/\/staging.lesloges.ca\/en\/wp-json\/wp\/v2\/pages\/20859\/revisions"}],"predecessor-version":[{"id":25676,"href":"https:\/\/staging.lesloges.ca\/en\/wp-json\/wp\/v2\/pages\/20859\/revisions\/25676"}],"wp:attachment":[{"href":"https:\/\/staging.lesloges.ca\/en\/wp-json\/wp\/v2\/media?parent=20859"}],"curies":[{"name":"wp","href":"https:\/\/api.w.org\/{rel}","templated":true}]}}